{"id":150,"date":"2021-05-11T05:33:17","date_gmt":"2021-05-11T04:33:17","guid":{"rendered":"http:\/\/box5279.temp.domains\/~roadsofm\/contact\/"},"modified":"2022-10-09T19:12:23","modified_gmt":"2022-10-09T17:12:23","slug":"comentarios","status":"publish","type":"page","link":"https:\/\/roadsofmorocco.com\/en\/comentarios\/","title":{"rendered":"Comments"},"content":{"rendered":"<div data-elementor-type=\"wp-page\" data-elementor-id=\"150\" class=\"elementor elementor-150\">\n\t\t\t\t\t\t<section class=\"elementor-section elementor-top-section elementor-element elementor-element-094af3c elementor-section-boxed elementor-section-height-default elementor-section-height-default\" data-id=\"094af3c\" data-element_type=\"section\" data-e-type=\"section\" data-settings=\"{&quot;background_background&quot;:&quot;classic&quot;}\">\n\t\t\t\t\t\t\t<div class=\"elementor-background-overlay\"><\/div>\n\t\t\t\t\t\t\t<div class=\"elementor-container elementor-column-gap-default\">\n\t\t\t\t\t<div class=\"elementor-column elementor-col-100 elementor-top-column elementor-element elementor-element-6b046d6\" data-id=\"6b046d6\" data-element_type=\"column\" data-e-type=\"column\">\n\t\t\t<div class=\"elementor-widget-wrap elementor-element-populated\">\n\t\t\t\t\t\t<div class=\"elementor-element elementor-element-8da095d elementor-widget elementor-widget-heading\" data-id=\"8da095d\" data-element_type=\"widget\" data-e-type=\"widget\" data-widget_type=\"heading.default\">\n\t\t\t\t<div class=\"elementor-widget-container\">\n\t\t\t\t\t<h1 class=\"elementor-heading-title elementor-size-default\">Any practical questions?<\/h1>\t\t\t\t<\/div>\n\t\t\t\t<\/div>\n\t\t\t\t<div class=\"elementor-element elementor-element-948496e elementor-widget elementor-widget-text-editor\" data-id=\"948496e\" data-element_type=\"widget\" data-e-type=\"widget\" data-widget_type=\"text-editor.default\">\n\t\t\t\t<div class=\"elementor-widget-container\">\n\t\t\t\t\t\t\t\t\t<p>If you have any specific questions or doubts, please share it in the comments and I will get back to you as soon as possible.<\/p>\t\t\t\t\t\t\t\t<\/div>\n\t\t\t\t<\/div>\n\t\t\t\t\t<\/div>\n\t\t<\/div>\n\t\t\t\t\t<\/div>\n\t\t<\/section>\n\t\t\t\t<\/div>","protected":false},"excerpt":{"rendered":"<p>Alguna pregunta pr\u00e1ctica? Si ten\u00e9is alguna pregunta o duda concreta, comp\u00e1rtela en los comentarios y os responder\u00e9 lo antes posible.<\/p>","protected":false},"author":1,"featured_media":0,"parent":0,"menu_order":0,"comment_status":"open","ping_status":"closed","template":"","meta":{"_uag_custom_page_level_css":"","site-sidebar-layout":"no-sidebar","site-content-layout":"page-builder","ast-site-content-layout":"default","site-content-style":"default","site-sidebar-style":"default","ast-global-header-display":"","ast-banner-title-visibility":"","ast-main-header-display":"","ast-hfb-above-header-display":"","ast-hfb-below-header-display":"","ast-hfb-mobile-header-display":"","site-post-title":"disabled","ast-breadcrumbs-content":"","ast-featured-img":"disabled","footer-sml-layout":"","ast-disable-related-posts":"","theme-transparent-header-meta":"enabled","adv-header-id-meta":"","stick-header-meta":"","header-above-stick-meta":"","header-main-stick-meta":"","header-below-stick-meta":"","astra-migrate-meta-layouts":"default","ast-page-background-enabled":"default","ast-page-background-meta":{"desktop":{"background-color":"","background-image":"","background-repeat":"repeat","background-position":"center center","background-size":"auto","background-attachment":"scroll","background-type":"","background-media":"","overlay-type":"","overlay-color":"","overlay-opacity":"","overlay-gradient":""},"tablet":{"background-color":"","background-image":"","background-repeat":"repeat","background-position":"center center","background-size":"auto","background-attachment":"scroll","background-type":"","background-media":"","overlay-type":"","overlay-color":"","overlay-opacity":"","overlay-gradient":""},"mobile":{"background-color":"","background-image":"","background-repeat":"repeat","background-position":"center center","background-size":"auto","background-attachment":"scroll","background-type":"","background-media":"","overlay-type":"","overlay-color":"","overlay-opacity":"","overlay-gradient":""}},"ast-content-background-meta":{"desktop":{"background-color":"var(--ast-global-color-5)","background-image":"","background-repeat":"repeat","background-position":"center center","background-size":"auto","background-attachment":"scroll","background-type":"","background-media":"","overlay-type":"","overlay-color":"","overlay-opacity":"","overlay-gradient":""},"tablet":{"background-color":"var(--ast-global-color-5)","background-image":"","background-repeat":"repeat","background-position":"center center","background-size":"auto","background-attachment":"scroll","background-type":"","background-media":"","overlay-type":"","overlay-color":"","overlay-opacity":"","overlay-gradient":""},"mobile":{"background-color":"var(--ast-global-color-5)","background-image":"","background-repeat":"repeat","background-position":"center center","background-size":"auto","background-attachment":"scroll","background-type":"","background-media":"","overlay-type":"","overlay-color":"","overlay-opacity":"","overlay-gradient":""}},"footnotes":""},"class_list":["post-150","page","type-page","status-publish","hentry"],"yoast_head":"<!-- This site is optimized with the Yoast SEO plugin v27.1.1 - https:\/\/yoast.com\/product\/yoast-seo-wordpress\/ -->\n<title>Comentarios<\/title>\n<meta name=\"description\" content=\"Alguna pregunta pr\u00e1ctica?   Si ten\u00e9is alguna pregunta o duda concreta, comp\u00e1rtela en los comentarios y os responder\u00e9 lo antes posible.\" \/>\n<meta name=\"robots\" content=\"index, follow, max-snippet:-1, max-image-preview:large, max-video-preview:-1\" \/>\n<link rel=\"canonical\" href=\"https:\/\/roadsofmorocco.com\/en\/comentarios\/\" \/>\n<meta property=\"og:locale\" content=\"en_GB\" \/>\n<meta property=\"og:type\" content=\"article\" \/>\n<meta property=\"og:title\" content=\"Comentarios\" \/>\n<meta property=\"og:description\" content=\"Alguna pregunta pr\u00e1ctica?   Si ten\u00e9is alguna pregunta o duda concreta, comp\u00e1rtela en los comentarios y os responder\u00e9 lo antes posible.\" \/>\n<meta property=\"og:url\" content=\"https:\/\/roadsofmorocco.com\/en\/comentarios\/\" \/>\n<meta property=\"og:site_name\" content=\"Roads of Morocco\" \/>\n<meta property=\"article:modified_time\" content=\"2022-10-09T17:12:23+00:00\" \/>\n<meta property=\"og:image\" content=\"https:\/\/roadsofmorocco.com\/wp-content\/uploads\/2022\/08\/roadofmorocco-logo-letras-blancas-sin-fondo.png\" \/>\n\t<meta property=\"og:image:width\" content=\"438\" \/>\n\t<meta property=\"og:image:height\" content=\"334\" \/>\n\t<meta property=\"og:image:type\" content=\"image\/png\" \/>\n<meta name=\"twitter:card\" content=\"summary_large_image\" \/>\n<meta name=\"twitter:label1\" content=\"Estimated reading time\" \/>\n\t<meta name=\"twitter:data1\" content=\"1 minute\" \/>\n<script type=\"application\/ld+json\" class=\"yoast-schema-graph\">{\"@context\":\"https:\/\/schema.org\",\"@graph\":[{\"@type\":\"WebPage\",\"@id\":\"https:\/\/roadsofmorocco.com\/comentarios\/\",\"url\":\"https:\/\/roadsofmorocco.com\/comentarios\/\",\"name\":\"Comentarios\",\"isPartOf\":{\"@id\":\"https:\/\/roadsofmorocco.com\/#website\"},\"datePublished\":\"2021-05-11T04:33:17+00:00\",\"dateModified\":\"2022-10-09T17:12:23+00:00\",\"description\":\"Alguna pregunta pr\u00e1ctica? Si ten\u00e9is alguna pregunta o duda concreta, comp\u00e1rtela en los comentarios y os responder\u00e9 lo antes posible.\",\"breadcrumb\":{\"@id\":\"https:\/\/roadsofmorocco.com\/comentarios\/#breadcrumb\"},\"inLanguage\":\"en-GB\",\"potentialAction\":[{\"@type\":\"ReadAction\",\"target\":[\"https:\/\/roadsofmorocco.com\/comentarios\/\"]}]},{\"@type\":\"BreadcrumbList\",\"@id\":\"https:\/\/roadsofmorocco.com\/comentarios\/#breadcrumb\",\"itemListElement\":[{\"@type\":\"ListItem\",\"position\":1,\"name\":\"Home\",\"item\":\"https:\/\/roadsofmorocco.com\/\"},{\"@type\":\"ListItem\",\"position\":2,\"name\":\"Comentarios\"}]},{\"@type\":\"WebSite\",\"@id\":\"https:\/\/roadsofmorocco.com\/#website\",\"url\":\"https:\/\/roadsofmorocco.com\/\",\"name\":\"Roads of Morocco\",\"description\":\"Explore Morocco\",\"publisher\":{\"@id\":\"https:\/\/roadsofmorocco.com\/#\/schema\/person\/26382e471d2c64ac830608da4390b4a7\"},\"potentialAction\":[{\"@type\":\"SearchAction\",\"target\":{\"@type\":\"EntryPoint\",\"urlTemplate\":\"https:\/\/roadsofmorocco.com\/?s={search_term_string}\"},\"query-input\":{\"@type\":\"PropertyValueSpecification\",\"valueRequired\":true,\"valueName\":\"search_term_string\"}}],\"inLanguage\":\"en-GB\"},{\"@type\":[\"Person\",\"Organization\"],\"@id\":\"https:\/\/roadsofmorocco.com\/#\/schema\/person\/26382e471d2c64ac830608da4390b4a7\",\"name\":\"GFC\",\"image\":{\"@type\":\"ImageObject\",\"inLanguage\":\"en-GB\",\"@id\":\"https:\/\/roadsofmorocco.com\/#\/schema\/person\/image\/\",\"url\":\"https:\/\/roadsofmorocco.com\/wp-content\/uploads\/2022\/08\/roadofmorocco-logo-letras-blancas-sin-fondo-3.png\",\"contentUrl\":\"https:\/\/roadsofmorocco.com\/wp-content\/uploads\/2022\/08\/roadofmorocco-logo-letras-blancas-sin-fondo-3.png\",\"width\":365,\"height\":219,\"caption\":\"GFC\"},\"logo\":{\"@id\":\"https:\/\/roadsofmorocco.com\/#\/schema\/person\/image\/\"},\"sameAs\":[\"http:\/\/roadsofmorocco.com\"]}]}<\/script>\n<!-- \/ Yoast SEO plugin. -->","yoast_head_json":{"title":"Comments","description":"Alguna pregunta pr\u00e1ctica?   Si ten\u00e9is alguna pregunta o duda concreta, comp\u00e1rtela en los comentarios y os responder\u00e9 lo antes posible.","robots":{"index":"index","follow":"follow","max-snippet":"max-snippet:-1","max-image-preview":"max-image-preview:large","max-video-preview":"max-video-preview:-1"},"canonical":"https:\/\/roadsofmorocco.com\/en\/comentarios\/","og_locale":"en_GB","og_type":"article","og_title":"Comentarios","og_description":"Alguna pregunta pr\u00e1ctica?   Si ten\u00e9is alguna pregunta o duda concreta, comp\u00e1rtela en los comentarios y os responder\u00e9 lo antes posible.","og_url":"https:\/\/roadsofmorocco.com\/en\/comentarios\/","og_site_name":"Roads of Morocco","article_modified_time":"2022-10-09T17:12:23+00:00","og_image":[{"width":438,"height":334,"url":"https:\/\/roadsofmorocco.com\/wp-content\/uploads\/2022\/08\/roadofmorocco-logo-letras-blancas-sin-fondo.png","type":"image\/png"}],"twitter_card":"summary_large_image","twitter_misc":{"Estimated reading time":"1 minute"},"schema":{"@context":"https:\/\/schema.org","@graph":[{"@type":"WebPage","@id":"https:\/\/roadsofmorocco.com\/comentarios\/","url":"https:\/\/roadsofmorocco.com\/comentarios\/","name":"Comments","isPartOf":{"@id":"https:\/\/roadsofmorocco.com\/#website"},"datePublished":"2021-05-11T04:33:17+00:00","dateModified":"2022-10-09T17:12:23+00:00","description":"Alguna pregunta pr\u00e1ctica? Si ten\u00e9is alguna pregunta o duda concreta, comp\u00e1rtela en los comentarios y os responder\u00e9 lo antes posible.","breadcrumb":{"@id":"https:\/\/roadsofmorocco.com\/comentarios\/#breadcrumb"},"inLanguage":"en-GB","potentialAction":[{"@type":"ReadAction","target":["https:\/\/roadsofmorocco.com\/comentarios\/"]}]},{"@type":"BreadcrumbList","@id":"https:\/\/roadsofmorocco.com\/comentarios\/#breadcrumb","itemListElement":[{"@type":"ListItem","position":1,"name":"Home","item":"https:\/\/roadsofmorocco.com\/"},{"@type":"ListItem","position":2,"name":"Comentarios"}]},{"@type":"WebSite","@id":"https:\/\/roadsofmorocco.com\/#website","url":"https:\/\/roadsofmorocco.com\/","name":"Roads of Morocco","description":"Explore Morocco","publisher":{"@id":"https:\/\/roadsofmorocco.com\/#\/schema\/person\/26382e471d2c64ac830608da4390b4a7"},"potentialAction":[{"@type":"SearchAction","target":{"@type":"EntryPoint","urlTemplate":"https:\/\/roadsofmorocco.com\/?s={search_term_string}"},"query-input":{"@type":"PropertyValueSpecification","valueRequired":true,"valueName":"search_term_string"}}],"inLanguage":"en-GB"},{"@type":["Person","Organization"],"@id":"https:\/\/roadsofmorocco.com\/#\/schema\/person\/26382e471d2c64ac830608da4390b4a7","name":"GFC","image":{"@type":"ImageObject","inLanguage":"en-GB","@id":"https:\/\/roadsofmorocco.com\/#\/schema\/person\/image\/","url":"https:\/\/roadsofmorocco.com\/wp-content\/uploads\/2022\/08\/roadofmorocco-logo-letras-blancas-sin-fondo-3.png","contentUrl":"https:\/\/roadsofmorocco.com\/wp-content\/uploads\/2022\/08\/roadofmorocco-logo-letras-blancas-sin-fondo-3.png","width":365,"height":219,"caption":"GFC"},"logo":{"@id":"https:\/\/roadsofmorocco.com\/#\/schema\/person\/image\/"},"sameAs":["http:\/\/roadsofmorocco.com"]}]}},"uagb_featured_image_src":{"full":false,"thumbnail":false,"medium":false,"medium_large":false,"large":false,"1536x1536":false,"2048x2048":false,"trp-custom-language-flag":false},"uagb_author_info":{"display_name":"GFC","author_link":"https:\/\/roadsofmorocco.com\/en\/author\/gerritfuste\/"},"uagb_comment_info":203,"uagb_excerpt":"Alguna pregunta pr\u00e1ctica? Si ten\u00e9is alguna pregunta o duda concreta, comp\u00e1rtela en los comentarios y os responder\u00e9 lo antes posible.","jetpack_sharing_enabled":true,"_links":{"self":[{"href":"https:\/\/roadsofmorocco.com\/en\/wp-json\/wp\/v2\/pages\/150","targetHints":{"allow":["GET"]}}],"collection":[{"href":"https:\/\/roadsofmorocco.com\/en\/wp-json\/wp\/v2\/pages"}],"about":[{"href":"https:\/\/roadsofmorocco.com\/en\/wp-json\/wp\/v2\/types\/page"}],"author":[{"embeddable":true,"href":"https:\/\/roadsofmorocco.com\/en\/wp-json\/wp\/v2\/users\/1"}],"replies":[{"embeddable":true,"href":"https:\/\/roadsofmorocco.com\/en\/wp-json\/wp\/v2\/comments?post=150"}],"version-history":[{"count":0,"href":"https:\/\/roadsofmorocco.com\/en\/wp-json\/wp\/v2\/pages\/150\/revisions"}],"wp:attachment":[{"href":"https:\/\/roadsofmorocco.com\/en\/wp-json\/wp\/v2\/media?parent=150"}],"curies":[{"name":"wp","href":"https:\/\/api.w.org\/{rel}","templated":true}]}}