{"id":1347,"date":"2022-08-29T15:17:00","date_gmt":"2022-08-29T14:17:00","guid":{"rendered":"http:\/\/roadsofmorocco.com\/?page_id=1347"},"modified":"2022-10-12T20:49:31","modified_gmt":"2022-10-12T18:49:31","slug":"quienes-somos","status":"publish","type":"page","link":"https:\/\/roadsofmorocco.com\/en\/quienes-somos\/","title":{"rendered":"About Us"},"content":{"rendered":"<div data-elementor-type=\"wp-page\" data-elementor-id=\"1347\" class=\"elementor elementor-1347\">\n\t\t\t\t\t\t<section class=\"elementor-section elementor-top-section elementor-element elementor-element-05a150d elementor-section-height-min-height elementor-section-boxed elementor-section-height-default elementor-section-items-middle\" data-id=\"05a150d\" data-element_type=\"section\" data-e-type=\"section\" data-settings=\"{&quot;background_background&quot;:&quot;classic&quot;}\">\n\t\t\t\t\t\t\t<div class=\"elementor-background-overlay\"><\/div>\n\t\t\t\t\t\t\t<div class=\"elementor-container elementor-column-gap-no\">\n\t\t\t\t\t<div class=\"elementor-column elementor-col-100 elementor-top-column elementor-element elementor-element-15a26f7\" data-id=\"15a26f7\" data-element_type=\"column\" data-e-type=\"column\">\n\t\t\t<div class=\"elementor-widget-wrap elementor-element-populated\">\n\t\t\t\t\t\t<div class=\"elementor-element elementor-element-6ad8375 elementor-widget elementor-widget-heading\" data-id=\"6ad8375\" data-element_type=\"widget\" data-e-type=\"widget\" data-widget_type=\"heading.default\">\n\t\t\t\t<div class=\"elementor-widget-container\">\n\t\t\t\t\t<h1 class=\"elementor-heading-title elementor-size-xl\">\"Travelling leaves you speechless, but it makes you a storyteller\"- Ibn Battuta<\/h1>\t\t\t\t<\/div>\n\t\t\t\t<\/div>\n\t\t\t\t\t<\/div>\n\t\t<\/div>\n\t\t\t\t\t<\/div>\n\t\t<\/section>\n\t\t\t\t<section class=\"elementor-section elementor-top-section elementor-element elementor-element-161224e elementor-section-content-top elementor-reverse-mobile elementor-section-boxed elementor-section-height-default elementor-section-height-default\" data-id=\"161224e\" data-element_type=\"section\" data-e-type=\"section\" data-settings=\"{&quot;background_background&quot;:&quot;classic&quot;}\">\n\t\t\t\t\t\t<div class=\"elementor-container elementor-column-gap-no\">\n\t\t\t\t\t<div class=\"elementor-column elementor-col-50 elementor-top-column elementor-element elementor-element-3798dd5\" data-id=\"3798dd5\" data-element_type=\"column\" data-e-type=\"column\">\n\t\t\t<div class=\"elementor-widget-wrap elementor-element-populated\">\n\t\t\t\t\t\t<div class=\"elementor-element elementor-element-8b894e8 elementor-widget elementor-widget-image\" data-id=\"8b894e8\" data-element_type=\"widget\" data-e-type=\"widget\" data-widget_type=\"image.default\">\n\t\t\t\t<div class=\"elementor-widget-container\">\n\t\t\t\t\t\t\t\t\t\t\t\t\t\t\t<img fetchpriority=\"high\" decoding=\"async\" width=\"1024\" height=\"768\" src=\"https:\/\/roadsofmorocco.com\/wp-content\/uploads\/2022\/08\/ninos_camello_dunas_erg_chigaga_desierto_marruecos-scaled-1024x768.jpg\" class=\"attachment-large size-large wp-image-749\" alt=\"Ni\u00f1os en camello en las dunas de Erg Chigaga en el desierto en Marruecos\" srcset=\"https:\/\/roadsofmorocco.com\/wp-content\/uploads\/2022\/08\/ninos_camello_dunas_erg_chigaga_desierto_marruecos-scaled-1024x768.jpg 1024w, https:\/\/roadsofmorocco.com\/wp-content\/uploads\/2022\/08\/ninos_camello_dunas_erg_chigaga_desierto_marruecos-scaled-300x225.jpg 300w, https:\/\/roadsofmorocco.com\/wp-content\/uploads\/2022\/08\/ninos_camello_dunas_erg_chigaga_desierto_marruecos-scaled-768x576.jpg 768w, https:\/\/roadsofmorocco.com\/wp-content\/uploads\/2022\/08\/ninos_camello_dunas_erg_chigaga_desierto_marruecos-scaled-1536x1152.jpg 1536w, https:\/\/roadsofmorocco.com\/wp-content\/uploads\/2022\/08\/ninos_camello_dunas_erg_chigaga_desierto_marruecos-scaled-2048x1536.jpg 2048w, https:\/\/roadsofmorocco.com\/wp-content\/uploads\/2022\/08\/ninos_camello_dunas_erg_chigaga_desierto_marruecos-scaled-16x12.jpg 16w\" sizes=\"(max-width: 1024px) 100vw, 1024px\" \/>\t\t\t\t\t\t\t\t\t\t\t\t\t\t\t<\/div>\n\t\t\t\t<\/div>\n\t\t\t\t<div class=\"elementor-element elementor-element-8cbd118 elementor-widget elementor-widget-text-editor\" data-id=\"8cbd118\" data-element_type=\"widget\" data-e-type=\"widget\" data-widget_type=\"text-editor.default\">\n\t\t\t\t<div class=\"elementor-widget-container\">\n\t\t\t\t\t\t\t\t\t<p class=\"translation-block\">There are places to visit regardless of how touristy they are. But the kind of travel I enjoy most is the kind where you experience each day as if it were the first time, where you are in a position where almost nothing is familiar and taken for granted... travel that takes you to unfamiliar roads, remote villages... that uncovers a sliver of a past that has resisted the inexorable passage of time.<\/p>\t\t\t\t\t\t\t\t<\/div>\n\t\t\t\t<\/div>\n\t\t\t\t\t<\/div>\n\t\t<\/div>\n\t\t\t\t<div class=\"elementor-column elementor-col-50 elementor-top-column elementor-element elementor-element-c544ac3\" data-id=\"c544ac3\" data-element_type=\"column\" data-e-type=\"column\">\n\t\t\t<div class=\"elementor-widget-wrap elementor-element-populated\">\n\t\t\t\t\t\t<div class=\"elementor-element elementor-element-6b960e1 elementor-widget elementor-widget-image-box\" data-id=\"6b960e1\" data-element_type=\"widget\" data-e-type=\"widget\" data-widget_type=\"image-box.default\">\n\t\t\t\t<div class=\"elementor-widget-container\">\n\t\t\t\t\t<div class=\"elementor-image-box-wrapper\"><div class=\"elementor-image-box-content\"><h2 class=\"elementor-image-box-title\">About Us<\/h2><\/div><\/div>\t\t\t\t<\/div>\n\t\t\t\t<\/div>\n\t\t\t\t<div class=\"elementor-element elementor-element-80e091f elementor-widget elementor-widget-text-editor\" data-id=\"80e091f\" data-element_type=\"widget\" data-e-type=\"widget\" data-widget_type=\"text-editor.default\">\n\t\t\t\t<div class=\"elementor-widget-container\">\n\t\t\t\t\t\t\t\t\t<p><span style=\"font-weight: bold; white-space: pre-wrap;\">This first foray into Moroccan lands was made in the first fortnight of August by an adult and three children aged nine, ten and fourteen, all from Barcelona. <\/span><\/p>\t\t\t\t\t\t\t\t<\/div>\n\t\t\t\t<\/div>\n\t\t\t\t<div class=\"elementor-element elementor-element-e92d963 elementor-widget elementor-widget-image\" data-id=\"e92d963\" data-element_type=\"widget\" data-e-type=\"widget\" data-widget_type=\"image.default\">\n\t\t\t\t<div class=\"elementor-widget-container\">\n\t\t\t\t\t\t\t\t\t\t\t\t\t\t\t<img decoding=\"async\" width=\"768\" height=\"1024\" src=\"https:\/\/roadsofmorocco.com\/wp-content\/uploads\/2022\/08\/salida_del_sol_dunas_erg-chigaga_marruecos-1-scaled-768x1024.jpg\" class=\"attachment-large size-large wp-image-756\" alt=\"Salida del sol en dunas de Erg Chigaga en Marruecos\" srcset=\"https:\/\/roadsofmorocco.com\/wp-content\/uploads\/2022\/08\/salida_del_sol_dunas_erg-chigaga_marruecos-1-scaled-768x1024.jpg 768w, https:\/\/roadsofmorocco.com\/wp-content\/uploads\/2022\/08\/salida_del_sol_dunas_erg-chigaga_marruecos-1-scaled-225x300.jpg 225w, https:\/\/roadsofmorocco.com\/wp-content\/uploads\/2022\/08\/salida_del_sol_dunas_erg-chigaga_marruecos-1-scaled-1152x1536.jpg 1152w, https:\/\/roadsofmorocco.com\/wp-content\/uploads\/2022\/08\/salida_del_sol_dunas_erg-chigaga_marruecos-1-scaled-1536x2048.jpg 1536w, https:\/\/roadsofmorocco.com\/wp-content\/uploads\/2022\/08\/salida_del_sol_dunas_erg-chigaga_marruecos-1-scaled-9x12.jpg 9w, https:\/\/roadsofmorocco.com\/wp-content\/uploads\/2022\/08\/salida_del_sol_dunas_erg-chigaga_marruecos-1-scaled.jpg 1920w\" sizes=\"(max-width: 768px) 100vw, 768px\" \/>\t\t\t\t\t\t\t\t\t\t\t\t\t\t\t<\/div>\n\t\t\t\t<\/div>\n\t\t\t\t\t<\/div>\n\t\t<\/div>\n\t\t\t\t\t<\/div>\n\t\t<\/section>\n\t\t\t\t<\/div>","protected":false},"excerpt":{"rendered":"<p>\u00abViajar te deja sin palabras, pero te convierte en un contador de historias\u00bb- Ibn Battuta Hay sitios que se han de visitar independientemente de lo tur\u00edsticos que sean. Pero el tipo de viaje que m\u00e1s disfruto es en el que\u00a0experimentas cada d\u00eda como si fuera la primera vez, donde est\u00e1s en una posici\u00f3n donde casi [&hellip;]<\/p>\n","protected":false},"author":1,"featured_media":0,"parent":0,"menu_order":0,"comment_status":"closed","ping_status":"closed","template":"","meta":{"_uag_custom_page_level_css":"","site-sidebar-layout":"no-sidebar","site-content-layout":"page-builder","ast-site-content-layout":"default","site-content-style":"default","site-sidebar-style":"default","ast-global-header-display":"","ast-banner-title-visibility":"","ast-main-header-display":"","ast-hfb-above-header-display":"","ast-hfb-below-header-display":"","ast-hfb-mobile-header-display":"","site-post-title":"disabled","ast-breadcrumbs-content":"","ast-featured-img":"disabled","footer-sml-layout":"","ast-disable-related-posts":"","theme-transparent-header-meta":"enabled","adv-header-id-meta":"","stick-header-meta":"","header-above-stick-meta":"","header-main-stick-meta":"","header-below-stick-meta":"","astra-migrate-meta-layouts":"default","ast-page-background-enabled":"default","ast-page-background-meta":{"desktop":{"background-color":"","background-image":"","background-repeat":"repeat","background-position":"center center","background-size":"auto","background-attachment":"scroll","background-type":"","background-media":"","overlay-type":"","overlay-color":"","overlay-opacity":"","overlay-gradient":""},"tablet":{"background-color":"","background-image":"","background-repeat":"repeat","background-position":"center center","background-size":"auto","background-attachment":"scroll","background-type":"","background-media":"","overlay-type":"","overlay-color":"","overlay-opacity":"","overlay-gradient":""},"mobile":{"background-color":"","background-image":"","background-repeat":"repeat","background-position":"center center","background-size":"auto","background-attachment":"scroll","background-type":"","background-media":"","overlay-type":"","overlay-color":"","overlay-opacity":"","overlay-gradient":""}},"ast-content-background-meta":{"desktop":{"background-color":"var(--ast-global-color-5)","background-image":"","background-repeat":"repeat","background-position":"center center","background-size":"auto","background-attachment":"scroll","background-type":"","background-media":"","overlay-type":"","overlay-color":"","overlay-opacity":"","overlay-gradient":""},"tablet":{"background-color":"var(--ast-global-color-5)","background-image":"","background-repeat":"repeat","background-position":"center center","background-size":"auto","background-attachment":"scroll","background-type":"","background-media":"","overlay-type":"","overlay-color":"","overlay-opacity":"","overlay-gradient":""},"mobile":{"background-color":"var(--ast-global-color-5)","background-image":"","background-repeat":"repeat","background-position":"center center","background-size":"auto","background-attachment":"scroll","background-type":"","background-media":"","overlay-type":"","overlay-color":"","overlay-opacity":"","overlay-gradient":""}},"footnotes":""},"class_list":["post-1347","page","type-page","status-publish","hentry"],"yoast_head":"<!-- This site is optimized with the Yoast SEO plugin v27.1.1 - https:\/\/yoast.com\/product\/yoast-seo-wordpress\/ -->\n<title>Qui\u00e9nes somos<\/title>\n<meta name=\"description\" content=\"&quot;Viajar te deja sin palabras, pero te convierte en un contador de historias&quot;- Ibn Battuta\" \/>\n<meta name=\"robots\" content=\"index, follow, max-snippet:-1, max-image-preview:large, max-video-preview:-1\" \/>\n<link rel=\"canonical\" href=\"https:\/\/roadsofmorocco.com\/en\/quienes-somos\/\" \/>\n<meta property=\"og:locale\" content=\"en_GB\" \/>\n<meta property=\"og:type\" content=\"article\" \/>\n<meta property=\"og:title\" content=\"Qui\u00e9nes somos\" \/>\n<meta property=\"og:description\" content=\"&quot;Viajar te deja sin palabras, pero te convierte en un contador de historias&quot;- Ibn Battuta\" \/>\n<meta property=\"og:url\" content=\"https:\/\/roadsofmorocco.com\/en\/quienes-somos\/\" \/>\n<meta property=\"og:site_name\" content=\"Roads of Morocco\" \/>\n<meta property=\"article:modified_time\" content=\"2022-10-12T18:49:31+00:00\" \/>\n<meta property=\"og:image\" content=\"http:\/\/roadsofmorocco.com\/wp-content\/uploads\/2022\/08\/ninos_camello_dunas_erg_chigaga_desierto_marruecos-scaled-1024x768.jpg\" \/>\n<meta name=\"twitter:card\" content=\"summary_large_image\" \/>\n<meta name=\"twitter:label1\" content=\"Estimated reading time\" \/>\n\t<meta name=\"twitter:data1\" content=\"1 minute\" \/>\n<script type=\"application\/ld+json\" class=\"yoast-schema-graph\">{\"@context\":\"https:\/\/schema.org\",\"@graph\":[{\"@type\":\"WebPage\",\"@id\":\"https:\/\/roadsofmorocco.com\/quienes-somos\/\",\"url\":\"https:\/\/roadsofmorocco.com\/quienes-somos\/\",\"name\":\"Qui\u00e9nes somos\",\"isPartOf\":{\"@id\":\"https:\/\/roadsofmorocco.com\/#website\"},\"primaryImageOfPage\":{\"@id\":\"https:\/\/roadsofmorocco.com\/quienes-somos\/#primaryimage\"},\"image\":{\"@id\":\"https:\/\/roadsofmorocco.com\/quienes-somos\/#primaryimage\"},\"thumbnailUrl\":\"http:\/\/roadsofmorocco.com\/wp-content\/uploads\/2022\/08\/ninos_camello_dunas_erg_chigaga_desierto_marruecos-scaled-1024x768.jpg\",\"datePublished\":\"2022-08-29T14:17:00+00:00\",\"dateModified\":\"2022-10-12T18:49:31+00:00\",\"description\":\"\\\"Viajar te deja sin palabras, pero te convierte en un contador de historias\\\"- Ibn Battuta\",\"breadcrumb\":{\"@id\":\"https:\/\/roadsofmorocco.com\/quienes-somos\/#breadcrumb\"},\"inLanguage\":\"en-GB\",\"potentialAction\":[{\"@type\":\"ReadAction\",\"target\":[\"https:\/\/roadsofmorocco.com\/quienes-somos\/\"]}]},{\"@type\":\"ImageObject\",\"inLanguage\":\"en-GB\",\"@id\":\"https:\/\/roadsofmorocco.com\/quienes-somos\/#primaryimage\",\"url\":\"http:\/\/roadsofmorocco.com\/wp-content\/uploads\/2022\/08\/ninos_camello_dunas_erg_chigaga_desierto_marruecos-scaled-1024x768.jpg\",\"contentUrl\":\"http:\/\/roadsofmorocco.com\/wp-content\/uploads\/2022\/08\/ninos_camello_dunas_erg_chigaga_desierto_marruecos-scaled-1024x768.jpg\"},{\"@type\":\"BreadcrumbList\",\"@id\":\"https:\/\/roadsofmorocco.com\/quienes-somos\/#breadcrumb\",\"itemListElement\":[{\"@type\":\"ListItem\",\"position\":1,\"name\":\"Home\",\"item\":\"https:\/\/roadsofmorocco.com\/\"},{\"@type\":\"ListItem\",\"position\":2,\"name\":\"Qui\u00e9nes somos\"}]},{\"@type\":\"WebSite\",\"@id\":\"https:\/\/roadsofmorocco.com\/#website\",\"url\":\"https:\/\/roadsofmorocco.com\/\",\"name\":\"Roads of Morocco\",\"description\":\"Explore Morocco\",\"publisher\":{\"@id\":\"https:\/\/roadsofmorocco.com\/#\/schema\/person\/26382e471d2c64ac830608da4390b4a7\"},\"potentialAction\":[{\"@type\":\"SearchAction\",\"target\":{\"@type\":\"EntryPoint\",\"urlTemplate\":\"https:\/\/roadsofmorocco.com\/?s={search_term_string}\"},\"query-input\":{\"@type\":\"PropertyValueSpecification\",\"valueRequired\":true,\"valueName\":\"search_term_string\"}}],\"inLanguage\":\"en-GB\"},{\"@type\":[\"Person\",\"Organization\"],\"@id\":\"https:\/\/roadsofmorocco.com\/#\/schema\/person\/26382e471d2c64ac830608da4390b4a7\",\"name\":\"GFC\",\"image\":{\"@type\":\"ImageObject\",\"inLanguage\":\"en-GB\",\"@id\":\"https:\/\/roadsofmorocco.com\/#\/schema\/person\/image\/\",\"url\":\"https:\/\/roadsofmorocco.com\/wp-content\/uploads\/2022\/08\/roadofmorocco-logo-letras-blancas-sin-fondo-3.png\",\"contentUrl\":\"https:\/\/roadsofmorocco.com\/wp-content\/uploads\/2022\/08\/roadofmorocco-logo-letras-blancas-sin-fondo-3.png\",\"width\":365,\"height\":219,\"caption\":\"GFC\"},\"logo\":{\"@id\":\"https:\/\/roadsofmorocco.com\/#\/schema\/person\/image\/\"},\"sameAs\":[\"http:\/\/roadsofmorocco.com\"]}]}<\/script>\n<!-- \/ Yoast SEO plugin. -->","yoast_head_json":{"title":"About Us","description":"\"Travelling leaves you speechless, but it makes you a storyteller\"- Ibn Battuta","robots":{"index":"index","follow":"follow","max-snippet":"max-snippet:-1","max-image-preview":"max-image-preview:large","max-video-preview":"max-video-preview:-1"},"canonical":"https:\/\/roadsofmorocco.com\/en\/quienes-somos\/","og_locale":"en_GB","og_type":"article","og_title":"Qui\u00e9nes somos","og_description":"\"Viajar te deja sin palabras, pero te convierte en un contador de historias\"- Ibn Battuta","og_url":"https:\/\/roadsofmorocco.com\/en\/quienes-somos\/","og_site_name":"Roads of Morocco","article_modified_time":"2022-10-12T18:49:31+00:00","og_image":[{"url":"http:\/\/roadsofmorocco.com\/wp-content\/uploads\/2022\/08\/ninos_camello_dunas_erg_chigaga_desierto_marruecos-scaled-1024x768.jpg","type":"","width":"","height":""}],"twitter_card":"summary_large_image","twitter_misc":{"Estimated reading time":"1 minute"},"schema":{"@context":"https:\/\/schema.org","@graph":[{"@type":"WebPage","@id":"https:\/\/roadsofmorocco.com\/quienes-somos\/","url":"https:\/\/roadsofmorocco.com\/quienes-somos\/","name":"About Us","isPartOf":{"@id":"https:\/\/roadsofmorocco.com\/#website"},"primaryImageOfPage":{"@id":"https:\/\/roadsofmorocco.com\/quienes-somos\/#primaryimage"},"image":{"@id":"https:\/\/roadsofmorocco.com\/quienes-somos\/#primaryimage"},"thumbnailUrl":"http:\/\/roadsofmorocco.com\/wp-content\/uploads\/2022\/08\/ninos_camello_dunas_erg_chigaga_desierto_marruecos-scaled-1024x768.jpg","datePublished":"2022-08-29T14:17:00+00:00","dateModified":"2022-10-12T18:49:31+00:00","description":"\"Travelling leaves you speechless, but it makes you a storyteller\"- Ibn Battuta","breadcrumb":{"@id":"https:\/\/roadsofmorocco.com\/quienes-somos\/#breadcrumb"},"inLanguage":"en-GB","potentialAction":[{"@type":"ReadAction","target":["https:\/\/roadsofmorocco.com\/quienes-somos\/"]}]},{"@type":"ImageObject","inLanguage":"en-GB","@id":"https:\/\/roadsofmorocco.com\/quienes-somos\/#primaryimage","url":"http:\/\/roadsofmorocco.com\/wp-content\/uploads\/2022\/08\/ninos_camello_dunas_erg_chigaga_desierto_marruecos-scaled-1024x768.jpg","contentUrl":"http:\/\/roadsofmorocco.com\/wp-content\/uploads\/2022\/08\/ninos_camello_dunas_erg_chigaga_desierto_marruecos-scaled-1024x768.jpg"},{"@type":"BreadcrumbList","@id":"https:\/\/roadsofmorocco.com\/quienes-somos\/#breadcrumb","itemListElement":[{"@type":"ListItem","position":1,"name":"Home","item":"https:\/\/roadsofmorocco.com\/"},{"@type":"ListItem","position":2,"name":"Qui\u00e9nes somos"}]},{"@type":"WebSite","@id":"https:\/\/roadsofmorocco.com\/#website","url":"https:\/\/roadsofmorocco.com\/","name":"Roads of Morocco","description":"Explore Morocco","publisher":{"@id":"https:\/\/roadsofmorocco.com\/#\/schema\/person\/26382e471d2c64ac830608da4390b4a7"},"potentialAction":[{"@type":"SearchAction","target":{"@type":"EntryPoint","urlTemplate":"https:\/\/roadsofmorocco.com\/?s={search_term_string}"},"query-input":{"@type":"PropertyValueSpecification","valueRequired":true,"valueName":"search_term_string"}}],"inLanguage":"en-GB"},{"@type":["Person","Organization"],"@id":"https:\/\/roadsofmorocco.com\/#\/schema\/person\/26382e471d2c64ac830608da4390b4a7","name":"GFC","image":{"@type":"ImageObject","inLanguage":"en-GB","@id":"https:\/\/roadsofmorocco.com\/#\/schema\/person\/image\/","url":"https:\/\/roadsofmorocco.com\/wp-content\/uploads\/2022\/08\/roadofmorocco-logo-letras-blancas-sin-fondo-3.png","contentUrl":"https:\/\/roadsofmorocco.com\/wp-content\/uploads\/2022\/08\/roadofmorocco-logo-letras-blancas-sin-fondo-3.png","width":365,"height":219,"caption":"GFC"},"logo":{"@id":"https:\/\/roadsofmorocco.com\/#\/schema\/person\/image\/"},"sameAs":["http:\/\/roadsofmorocco.com"]}]}},"uagb_featured_image_src":{"full":false,"thumbnail":false,"medium":false,"medium_large":false,"large":false,"1536x1536":false,"2048x2048":false,"trp-custom-language-flag":false},"uagb_author_info":{"display_name":"GFC","author_link":"https:\/\/roadsofmorocco.com\/en\/author\/gerritfuste\/"},"uagb_comment_info":0,"uagb_excerpt":"\u00abViajar te deja sin palabras, pero te convierte en un contador de historias\u00bb- Ibn Battuta Hay sitios que se han de visitar independientemente de lo tur\u00edsticos que sean. Pero el tipo de viaje que m\u00e1s disfruto es en el que\u00a0experimentas cada d\u00eda como si fuera la primera vez, donde est\u00e1s en una posici\u00f3n donde casi&hellip;","jetpack_sharing_enabled":true,"_links":{"self":[{"href":"https:\/\/roadsofmorocco.com\/en\/wp-json\/wp\/v2\/pages\/1347","targetHints":{"allow":["GET"]}}],"collection":[{"href":"https:\/\/roadsofmorocco.com\/en\/wp-json\/wp\/v2\/pages"}],"about":[{"href":"https:\/\/roadsofmorocco.com\/en\/wp-json\/wp\/v2\/types\/page"}],"author":[{"embeddable":true,"href":"https:\/\/roadsofmorocco.com\/en\/wp-json\/wp\/v2\/users\/1"}],"replies":[{"embeddable":true,"href":"https:\/\/roadsofmorocco.com\/en\/wp-json\/wp\/v2\/comments?post=1347"}],"version-history":[{"count":0,"href":"https:\/\/roadsofmorocco.com\/en\/wp-json\/wp\/v2\/pages\/1347\/revisions"}],"wp:attachment":[{"href":"https:\/\/roadsofmorocco.com\/en\/wp-json\/wp\/v2\/media?parent=1347"}],"curies":[{"name":"wp","href":"https:\/\/api.w.org\/{rel}","templated":true}]}}